{"id":263,"date":"2019-11-13T00:29:48","date_gmt":"2019-11-12T22:29:48","guid":{"rendered":"http:\/\/www.mladibl.com\/?page_id=263"},"modified":"2019-11-13T00:29:49","modified_gmt":"2019-11-12T22:29:49","slug":"omladinska-politika","status":"publish","type":"page","link":"https:\/\/www.mladibl.com\/?page_id=263","title":{"rendered":"Omladinska politika"},"content":{"rendered":"\n<p><strong>omladinska politika<\/strong> predstavlja dokument koji Republika i jedinice lokalne samouprave donose u cilju pobolj\u0161anja polo\u017eaja i rje\u0161avanja utvr\u0111enih problema mladih u Republici Srpskoj. To je dokument sa jasno definisanim programskim ciljevima, mehanizmima i rokovima za njihovu realizaciju, odgovornim institucijama i organizacijama, partnerima, te neophodnim finansijskim sredstvima i njihovim izvorima, a u skladu sa jasno definisanim oblastima od interesa za mlade<\/p>\n\n\n\n<p><strong>Omladinska politika Republike Srpske<\/strong> predstavlja strategiju koja obezbje\u0111uje sistematsko unapre\u0111ivanje stanja ve\u0107eg broja oblasti koje su podru\u010dja interesovanja mladih. Aktivnosti koje su od zna\u010daja za pobolj\u0161anje polo\u017eaja mladih u Republici Srpskoj i koje se realizuju sa mladima i\/ili za mlade su u nadle\u017enosti vi\u0161e razli\u010ditih institucija, te je neophodan me\u0111usektorski pristup tokom njihovog planiranja i sprovo\u0111enja, \u0161to je mogu\u0107e realizovati kroz ovaj strate\u0161ki dokument, koji je jedinstven i zajedni\u010dki za sve subjekte \u010diji rad uti\u010de na populaciju mladih.<\/p>\n\n\n\n<p>Ministarstvo porodice omladine i sporta, koje je nadle\u017eno za pitanja mladih, ali, prije svega, za njihovo organizovanje i stvaranje pretpostavki za rje\u0161avanje pitanja zna\u010dajnih za mlade, imalo je koordinacionu ulogu i u procesu realizacije mjera iz dokumenta Omladinska politika Republike Srpske, te je u cijelom procesu rje\u0161avanja pitanja mladih iniciralo druge nadle\u017ene institucije na pravovremeno preduzimanje mjera i aktivnosti iz Omladinske politike, koje se odnose na njihovu resornu nadle\u017enost.<\/p>\n\n\n\n<p>Na osnovu dosada\u0161njeg iskustva u sprovo\u0111enju dvije omladinske politike (2006\u20132010. i 2010\u20132015), pri izradi tre\u0107eg dokumenta Omladinske politike odlu\u010dili smo u centar staviti rezultate koji \u0107e unaprijediti polo\u017eaj mladih i ka kojima \u0107emo kao dru\u0161tvo zajedni\u010dkim snagama te\u017eiti. To treba da zna\u010di da \u0107e ministarstva, kao i do sada, realizovati samostalne projekte koji \u0107e biti usmjereni i na mlade, ali i da \u0107e postojati ve\u0107a mogu\u0107nost i metodologija za kreiranje zajedni\u010dkih projekata koji doprinose realizaciji istog cilja, a koji su u nadle\u017enosti vi\u0161e ministarstava. Ovo \u0107e pove\u0107ati efekte i bolje iskoristiti trenutno raspolo\u017eive ljudske i finansijske resurse. Tako\u0111e, sredstva koja ministarstva dodjeljuju organizacijama civilnog dru\u0161ta i fizi\u010dkim licima bi\u0107e kvalitetnije upotrijebljena u skladu sa Akcionim planom sprovo\u0111enja Omladinske politike Republike Srpske, te sa prioritetima ministarstava, koji \u0107e se, prvenstveno, fokusirati na kona\u010dan rezultat u konkretnom pitanju za polo\u017eaj mladih.<\/p>\n\n\n\n<p>Omladinskom politikom utvr\u0111uju se osnovni ciljevi, pravci razvoja i zadaci u omladinskom sektoru. Omladinska politika ne predstavlja samo op\u0161ta na\u010dela rje\u0161avanja problema mladih, nego se razvija u posebne programe i mjere koje treba da obezbijede bolje uslove za \u017eivot, kreativno ispoljavanje i u\u010destvovanje mladih u \u0161irem dru\u0161tvenom okru\u017eenju, \u010dime se unapre\u0111uje pozicija i status omladine, ali i mladih od 13 do 18 godina (adolescenti).<\/p>\n\n\n\n<p>S obzirom na zna\u010daj i kompleksnost ove tematike, kao i zbog \u010dinjenice da je briga o omladini op\u0161ti interes Republike Srpske, potrebno je da se u proces razvoja i realizacije Omladinske politike uklju\u010di \u0161ira dru\u0161tvena zajednica, te da bude stvorena institucionalna obaveza resornim organima u sprovo\u0111enju programa, koji \u0107e biti definisan Akcionim planom sprovo\u0111enja Omladinske politike Republike Srpske.<\/p>\n\n\n\n<p>U\u010de\u0161\u0107e mladih u svim podru\u010djima javnog \u017eivota predstavlja jedan od osnovnih ciljeva Savjeta Evrope, Ujedinjenih nacija i Organizacije za evropsku bezbjednost i saradnju (OEBS), a zasniva se na nekoliko me\u0111unarodnih konvencija i deklaracija, uklju\u010duju\u0107i i Univerzalnu deklaraciju o ljudskim pravima, Svjetski program akcije za mlade i Konvenciju o pravima djeteta. Oni pru\u017eaju sna\u017ean referentni okvir za pristup, zasnovan na pravima u vezi sa programima podr\u0161ke. U\u010de\u0161\u0107e je osnovno demokratsko pravo. To bi trebalo da, samo po sebi, bude dovoljno da budu uklonjene postoje\u0107e prepreke za politi\u010dku participaciju mladih. Podsticanjem, promovisanjem i pru\u017eanjem podr\u0161ke u\u010de\u0161\u0107u mladih u javnom \u017eivotu gradi se djelotvorniji savez izme\u0111u generacija, da bi se zajedni\u010dkim snagama mogli rije\u0161iti aktuelni problemi, ali i izazovi koji se o\u010dekuju u budu\u0107nosti. Ovaj model izrade i sprovo\u0111enja Omladinske politike donosi jo\u0161 jednu dimenziju \u2013 stavlja mlade u centar omladinske politike \u2013 i tokom izrade i tokom sprovo\u0111enja i pokazuje da nisu svi problemi, potrebe i briga o mladima isklju\u010divo du\u017enost Vlade Republike Srpske, ve\u0107 svih zainteresovanih aktera koji su orijentisani ka ostvarivanju rezultata bez obzira na to kojem sektoru pripadaju. U vezi sa tim, sastavni dio Akcionog plana sprovo\u0111enja Omladinske politike Republike Srpske bi\u0107e identifikovanje aktera koji \u0107e biti uklju\u010deni u sprovo\u0111enje, koja je njihova odgovornost i hijerarhija, kao i mehanizmi za ocjenjivanje i pra\u0107enje godi\u0161njeg napretka usmjerenog ka rezultatima.<\/p>\n\n\n\n<p><strong>Vizija Omladinske politike Republike Srpske: mladi, kao ravnopravan i aktivan partner institucijama Republike Srpske, \u017eive u sigurnom dru\u0161tvu jednakih mogu\u0107nosti, koje ih podsti\u010de da ostvare svoje potencijale.<\/strong><\/p>\n\n\n\n<p>Vizija Omladinske politike Republike Srpske od 2016. do 2020. godine bi\u0107e realizovana kroz pet prioritetnih oblasti:<\/p>\n\n\n\n<ul class=\"wp-block-list\"><li><strong>Zapo\u0161ljivost,<\/strong><\/li><li><strong>Aktivno u\u010de\u0161\u0107e,<\/strong><\/li><li><strong>Zdravi stilovi \u017eivota,<\/strong><\/li><li><strong>Izvrsnost,<\/strong><\/li><li><strong>Slobodno vrijeme.<\/strong><\/li><\/ul>\n\n\n\n<p>U okviru ovih pet prioritetnih oblasti utvr\u0111eni su sljede\u0107i strate\u0161ki ciljevi:<\/p>\n\n\n\n<ul class=\"wp-block-list\"><li>Strate\u0161ki cilj 1: Unaprijediti zapo\u0161ljivost mladih,<\/li><li>Strate\u0161ki cilj 2: Unaprijediti mogu\u0107nosti za aktivno u\u010de\u0161\u0107e mladih,<\/li><li>Strate\u0161ki cilj 3: Razviti zdrave stilove \u017eivota kod mladih,<\/li><li>Strate\u0161ki cilj 4: Osigurati podr\u0161ku razvoju izvrsnosti mladih,<\/li><li>Strate\u0161ki cilj 5: Unaprijediti mogu\u0107nosti za kvalitetno slobodno vrijeme mladih,<\/li><\/ul>\n\n\n\n<p>kao i njima pripadaju\u0107i operativni ciljevi:<\/p>\n\n\n\n<p><strong>Strate\u0161ki cilj 1: Unaprijediti zapo\u0161ljivost mladih<\/strong><\/p>\n\n\n\n<ul class=\"wp-block-list\"><li>Operativni cilj 1.1: Osigurana ve\u0107a povezanost sistema obrazovanja sa tr\u017ei\u0161tem rada;<\/li><li>Operativni cilj 1.2: Razvijena kultura rada i etika rada;<\/li><li>Operativni cilj 1.3: Obezbije\u0111eno stimulativno profesionalno i poslovno okru\u017eenje za mlade<\/li><li>Operativni cilj 1.4: Unaprije\u0111ena obrazovna, profesionalna i prostorna pokretljivost mladih<\/li><li>Operativni cilj 1.5: Pru\u017eena pomo\u0107 mladima prilikom kupovine ili izgradnje stambene jedinice uz mogu\u0107nost rada<\/li><\/ul>\n\n\n\n<p><strong>Strate\u0161ki cilj 2: Unaprijediti mogu\u0107nosti za aktivno u\u010de\u0161\u0107e mladih<\/strong><\/p>\n\n\n\n<ul class=\"wp-block-list\"><li>Operativni cilj 2.1: Razvijena svijest o va\u017enosti aktivnog u\u010de\u0161\u0107a mladih u dru\u0161tvu i u procesu dono\u0161enja odluka<\/li><li>Operativni cilj 2.2: Razvijeni kapaciteti u sektoru omladinskog rada i aktivne uklju\u010denosti mladih u proces dono\u0161enja odluka<\/li><li>Operativni cilj 2.3: Pove\u0107an volonterski anga\u017eman mladih<\/li><\/ul>\n\n\n\n<p><strong>Strate\u0161ki cilj 3: Razviti zdrave stilove \u017eivota kod mladih<\/strong><\/p>\n\n\n\n<ul class=\"wp-block-list\"><li>Operativni cilj 3.1: Podstaknuti zdravi obrasci pona\u0161anja kod mladih<\/li><li>Operativni cilj 3.2: Zainteresovani i fizi\u010dki aktivni mladi<\/li><li>Operativni cilj 3.3: Razvijeno zdravo i bezbjedno \u017eivotno okru\u017eenje za mlade<\/li><\/ul>\n\n\n\n<p><strong>Strate\u0161ki cilj 4: Osigurati podr\u0161ku razvoju izvrsnosti mladih<\/strong><\/p>\n\n\n\n<ul class=\"wp-block-list\"><li>Operativni cilj 4.1: Uspostavljeni mehanizmi ranog prepoznavanja izvrsnosti<\/li><li>Operativni cilj 4.2: Uspostavljen sistem efikasne podr\u0161ke razvoju izvrsnosti<\/li><li>Operativni cilj 4.3: Senzibilisana javnost o koristima koje dru\u0161tvo ima od izvrsnih mladih<\/li><\/ul>\n\n\n\n<p><strong>Strate\u0161ki cilj 5: Unaprijediti mogu\u0107nosti za kvalitetno slobodno vrijeme mladih<\/strong><\/p>\n\n\n\n<ul class=\"wp-block-list\"><li>Operativni cilj 5.1: Razvijeni infrastruktura i sadr\u017eaji potrebni za kvalitetno slobodno vrijeme<\/li><li>Operativni cilj 5.2: Razvijeni ljudski resursi<\/li><li>Operativni cilj 5.3: Umre\u017eeni nosioci aktivnosti slobodnog vremena i uklju\u010deni mladi<\/li><li>Operativni cilj 5.4: Unaprije\u0111ene mogu\u0107nosti mladih za mobilnost<\/li><\/ul>\n\n\n\n<p>Omladinsku politiku Republike Srpske za period od 2016. do 2020. godine mo\u017eete ovdje preuzeti:<\/p>\n\n\n\n<p><a rel=\"noreferrer noopener\" aria-label=\"Omladinska politika Republike Srpske 2016-2020 (opens in a new tab)\" href=\"http:\/\/www.mladibl.com\/wp-content\/uploads\/2019\/10\/Omladinska-politika-Republike-Srpske-2016-2020.pdf\" target=\"_blank\">Omladinska politika Republike Srpske 2016-2020<\/a><\/p>\n\n\n\n<p>Omladinsku politiku Grada Banja Luka za period od 2018. do 2022. godine mo\u017eete ovdje preuzeti:<\/p>\n\n\n\n<p><a href=\"http:\/\/www.mladibl.com\/wp-content\/uploads\/2019\/10\/Omladinska-politika-Grada-Banja-Luka-2018-2022.pdf\" target=\"_blank\" rel=\"noreferrer noopener\" aria-label=\"Omladinska politika Grada Banja Luka 2018-2022 (opens in a new tab)\">Omladinska politika Grada Banja Luka 2018-2022<\/a><\/p>\n","protected":false},"excerpt":{"rendered":"<p>omladinska politika predstavlja dokument koji Republika i jedinice lokalne samouprave donose u cilju pobolj\u0161anja polo\u017eaja i rje\u0161avanja utvr\u0111enih problema mladih<\/p>\n","protected":false},"author":1,"featured_media":0,"parent":257,"menu_order":0,"comment_status":"closed","ping_status":"closed","template":"","meta":{"om_disable_all_campaigns":false,"_monsterinsights_skip_tracking":false,"_monsterinsights_sitenote_active":false,"_monsterinsights_sitenote_note":"","_monsterinsights_sitenote_category":0,"footnotes":""},"class_list":["post-263","page","type-page","status-publish","hentry"],"amp_enabled":true,"_links":{"self":[{"href":"https:\/\/www.mladibl.com\/index.php?rest_route=\/wp\/v2\/pages\/263","targetHints":{"allow":["GET"]}}],"collection":[{"href":"https:\/\/www.mladibl.com\/index.php?rest_route=\/wp\/v2\/pages"}],"about":[{"href":"https:\/\/www.mladibl.com\/index.php?rest_route=\/wp\/v2\/types\/page"}],"author":[{"embeddable":true,"href":"https:\/\/www.mladibl.com\/index.php?rest_route=\/wp\/v2\/users\/1"}],"replies":[{"embeddable":true,"href":"https:\/\/www.mladibl.com\/index.php?rest_route=%2Fwp%2Fv2%2Fcomments&post=263"}],"version-history":[{"count":1,"href":"https:\/\/www.mladibl.com\/index.php?rest_route=\/wp\/v2\/pages\/263\/revisions"}],"predecessor-version":[{"id":264,"href":"https:\/\/www.mladibl.com\/index.php?rest_route=\/wp\/v2\/pages\/263\/revisions\/264"}],"up":[{"embeddable":true,"href":"https:\/\/www.mladibl.com\/index.php?rest_route=\/wp\/v2\/pages\/257"}],"wp:attachment":[{"href":"https:\/\/www.mladibl.com\/index.php?rest_route=%2Fwp%2Fv2%2Fmedia&parent=263"}],"curies":[{"name":"wp","href":"https:\/\/api.w.org\/{rel}","templated":true}]}}