{"id":253,"date":"2019-11-13T00:14:22","date_gmt":"2019-11-12T22:14:22","guid":{"rendered":"http:\/\/www.mladibl.com\/?page_id=253"},"modified":"2025-02-27T09:07:08","modified_gmt":"2025-02-27T07:07:08","slug":"o-nama","status":"publish","type":"page","link":"https:\/\/www.mladibl.com\/?page_id=253","title":{"rendered":"O nama"},"content":{"rendered":"\n<p>mladibl.com je prvi gradski informativni portal za mlade i onima koji \u017eele biti informisani iz svih sfera dru\u0161tva koje se direktno i indirektno ti\u010du mladih ljudi.<\/p>\n\n\n\n<p>mladibl.com je zvani\u010dno po\u010deo sa radom po\u010detkom novembra 2019. godine kao rezultat projekta &#8220;U korak sa informacijama&#8221; koji realizuje Agencija za razvoj i saradnju CEREBRA Banja Luka, a podr\u017ean i finansiran od strane Grada Banja Luka u sklopu &#8220;Banjaluka ljudskog lica&#8221;.<\/p>\n\n\n\n<p>Cilj projekta je pove\u0107anje informisanosti mladih ljudi o mogu\u0107nostima iz oblasti studiranja, mobilnosti, zapo\u0161ljavanja, omladinske politike, formalne i neformalne edukacije, stupendijama, prilikama za usavr\u0161avanjem, institucijama Republike Srpske i sli\u010dno.<\/p>\n\n\n\n<p>Ideja Cerebre je da se uvede novina u na\u010din obavje\u0161tenosti osoba od 15 do 30 godina putem Interneta kao najsavremenijeg, najbr\u017eeg i najzna\u010dajnijeg sredstva komunikacije i informisanosti. U dana\u0161njem modernom svijetu, Internet se koristi sve vi\u0161e, te je neophodno mladima pristupiti upravo sa tog aspekta.<\/p>\n\n\n\n<p>Ideja Cerebre je da sve informacije interesantne i korisne za mlade ljude stavi na jedno mjesto, te da putem Interneta budu dostupne \u0161to ve\u0107em broju mladih.<\/p>\n\n\n\n<p>Projekat &#8220;U korak sa informacijama&#8221; te pokretanje info portala za mlade ispunjava jedan od strate\u0161kih ciljeva iz Strate\u0161kog pravca 1 koji se nalazi u oblasti 5. &#8211; Informisanje mladih iz dokumenta Omladinska politika Grada Banja Luka 2018-2022: &#8220;Uspostaviti zvani\u010dnu internet stranicu koja bi slu\u017eila za bolje informisanje mladih u Banjoj Luci&#8221;.<\/p>\n\n\n\n<p>Na ovaj na\u010din \u017eelimo doprinijeti kreiranju informaciono obrazovane populacije koja je u stanju da na lak na\u010din do\u0111e do pravih i provjerenih informacija, te da te podatke iskoristi u cilju napretka i boljitka.<\/p>\n\n\n\n<p>S obzirom da \u017eivimo u modernom, informati\u010dkom dru\u0161tvu, informacija predstavlja najvrijedniji i najva\u017eniji segment razvoja i napretka dru\u0161tva u cijelini. Informacije koje danas saznajemo i usvajamo oblikuju svijet koji \u0107emo sutra da vidimo i u sklopu koga \u0107emo da \u017eivimo. Vo\u0111eni navedenim \u010dinjenicama, koje predstavljaju kulturu \u017eivljenja svakog pojedinaca u dana\u0161njem dru\u0161tvu, neophodno je da i mladi budu \u0161to vi\u0161e uklju\u010deni u proces informisanosti i adekvatnog kori\u0161tenja informacija.<\/p>\n\n\n\n<p>Podaci pokazuju da skoro dvije tre\u0107ine mladih ve\u0107i dio svog slobodnog vremena provode koriste\u0107i Internet kao savremeno sredstvo komunikacije, najve\u0107i i najdostupniji izvor razli\u010ditih informacija.<\/p>\n\n\n\n<p>Za razvoj i boljitak mladih, koji \u010dine budu\u0107nost jedne zajednice, od krucijalne va\u017enosti je pobolj\u0161ati obim, kvalitet i dostupnost informacija koje se ti\u010du mladih, njihovog polo\u017eaja, problema i mogu\u0107nosti.<\/p>\n\n\n\n<p>Pokretanjem jedinstvenog portala za mlade Banjaluke koji sadr\u017ei korisne i objedinjene informacije, otvara mogu\u0107nost za njihovu dodatnu obavje\u0161tenost, samim tim i edukaciju, usavr\u0161avanje i napredak u svakoj oblasti dru\u0161tvenog \u017eivota.<\/p>\n\n\n\n<p>&#8211;<\/p>\n\n\n\n<p><strong>Impressum<\/strong>:<\/p>\n\n\n\n<p>Osniva\u010d: <strong>Agencija za razvoj i saradnju CEREBRA Banja Luka<\/strong><\/p>\n\n\n\n<p>Glavni i odgovorni urednik: <strong>Milo\u0161 Blagojevi\u0107<\/strong><\/p>\n\n\n\n<p>Saradnici: <\/p>\n","protected":false},"excerpt":{"rendered":"<p>mladibl.com je prvi gradski informativni portal za mlade i onima koji \u017eele biti informisani iz svih sfera dru\u0161tva koje se<\/p>\n","protected":false},"author":1,"featured_media":0,"parent":0,"menu_order":0,"comment_status":"closed","ping_status":"closed","template":"","meta":{"om_disable_all_campaigns":false,"_monsterinsights_skip_tracking":false,"_monsterinsights_sitenote_active":false,"_monsterinsights_sitenote_note":"","_monsterinsights_sitenote_category":0,"footnotes":""},"class_list":["post-253","page","type-page","status-publish","hentry"],"amp_enabled":true,"_links":{"self":[{"href":"https:\/\/www.mladibl.com\/index.php?rest_route=\/wp\/v2\/pages\/253","targetHints":{"allow":["GET"]}}],"collection":[{"href":"https:\/\/www.mladibl.com\/index.php?rest_route=\/wp\/v2\/pages"}],"about":[{"href":"https:\/\/www.mladibl.com\/index.php?rest_route=\/wp\/v2\/types\/page"}],"author":[{"embeddable":true,"href":"https:\/\/www.mladibl.com\/index.php?rest_route=\/wp\/v2\/users\/1"}],"replies":[{"embeddable":true,"href":"https:\/\/www.mladibl.com\/index.php?rest_route=%2Fwp%2Fv2%2Fcomments&post=253"}],"version-history":[{"count":12,"href":"https:\/\/www.mladibl.com\/index.php?rest_route=\/wp\/v2\/pages\/253\/revisions"}],"predecessor-version":[{"id":44738,"href":"https:\/\/www.mladibl.com\/index.php?rest_route=\/wp\/v2\/pages\/253\/revisions\/44738"}],"wp:attachment":[{"href":"https:\/\/www.mladibl.com\/index.php?rest_route=%2Fwp%2Fv2%2Fmedia&parent=253"}],"curies":[{"name":"wp","href":"https:\/\/api.w.org\/{rel}","templated":true}]}}