{"id":241,"date":"2019-11-12T22:26:53","date_gmt":"2019-11-12T20:26:53","guid":{"rendered":"http:\/\/www.mladibl.com\/?page_id=241"},"modified":"2019-11-12T22:28:53","modified_gmt":"2019-11-12T20:28:53","slug":"omladinski-savjet","status":"publish","type":"page","link":"https:\/\/www.mladibl.com\/?page_id=241","title":{"rendered":"Omladinski savjet"},"content":{"rendered":"\n<ol class=\"wp-block-list\"><li>&#8220;SAVJET OMLADINSKIH ORGANIZACIJA BANJA LUKA&#8221;<\/li><\/ol>\n\n\n\n<p>Savjet omladinskih organizacija Banja Luka (u daljem tekstu: SOOBL) je lokalna krovna omladinska organizacija.<\/p>\n\n\n\n<p>SOOBL okuplja ukupno 10 lokalnih omladinskih organizacija.<\/p>\n\n\n\n<p>SOOBL je osnovan krajem 2012. godine, a osnovalo ga je 5 lokalnih omladinskih organizacija.<\/p>\n\n\n\n<p>Ciljevi SOOBL-a su:<\/p>\n\n\n\n<ol class=\"wp-block-list\"><li>Procjena potreba i interesa mladih i osmi\u0161ljavanje i realizacije programa omladinske politike jedinice lokalne samouprave<\/li><li>Animiranje mladih za omladinski rad, aktivnosti i djelatnosti<\/li><li>U\u010de\u0161\u0107e u raspravama koje se ti\u010du mladih<\/li><li>Planiranje, razvoj i primjena omladinske politike jedinice lokalne samouprave<\/li><li>Informisanost mladih<\/li><li>Koordinacija i realizacija omladinskih programa od interesa za jedinice lokalne samouprave<\/li><li>Efikasna i efektivna struktura Savjeta<\/li><li>Razvijeni partnerski odnosi sa relevantnim subjektima na planiranju i provo\u0111enju omladinskih programa jedinice lokalne samouprave<\/li><li>Integrisana omladinska politika u dru\u0161tveno-politi\u010dke sisteme zajednice,<\/li><li>Ostali ciljevi u skladu sa Zakonom o omladinskom organizovanju RS<\/li><li>Regionalna omladinska saradnja<\/li><li>Formiranje novih omladinskih objekata.<\/li><\/ol>\n\n\n\n<p>\u010clanice osniva\u010di:<\/p>\n\n\n\n<ul class=\"wp-block-list\"><li>AFM BANJA LUKA<\/li><li>SVIJEST MLADIH BANJA LUKA<\/li><li>ODRED IZVI\u0110A\u010cA \u201c22. APRIL\u201d BANJA LUKA<\/li><li>SEMPER BANJA LUKA<\/li><li>HARFA BANJA LUKA<\/li><\/ul>\n\n\n\n<p>Ostale \u010dlanice<\/p>\n\n\n\n<ul class=\"wp-block-list\"><li>AEGEE BANJA LUKA \u2013 EVROPSKI STUDENTSKI FORUM BANJA LUKA<\/li><li>SRPSKO KOLO DESPOT STEFAN LAZAREVI\u0106 BANJA LUKA<\/li><li>MRE\u017dA NOVIH IDEJA BANJA LUKA<\/li><li>STUDENTSKA ORGANIZACIJA UNIVERZITETA U BANJOJ LUCI<\/li><li>DEBATNI KLUB PRAVNOG FAKULTETA U BANJOJ LUCI<\/li><\/ul>\n\n\n\n<p>SOOBL je 2013. godine postao punopravan \u010dlan Omladinskog savjeta Republike Srpske.<\/p>\n","protected":false},"excerpt":{"rendered":"<p>&#8220;SAVJET OMLADINSKIH ORGANIZACIJA BANJA LUKA&#8221; Savjet omladinskih organizacija Banja Luka (u daljem tekstu: SOOBL) je lokalna krovna omladinska organizacija. SOOBL<\/p>\n","protected":false},"author":1,"featured_media":0,"parent":8,"menu_order":0,"comment_status":"closed","ping_status":"closed","template":"","meta":{"om_disable_all_campaigns":false,"_monsterinsights_skip_tracking":false,"_monsterinsights_sitenote_active":false,"_monsterinsights_sitenote_note":"","_monsterinsights_sitenote_category":0,"footnotes":""},"class_list":["post-241","page","type-page","status-publish","hentry"],"amp_enabled":true,"_links":{"self":[{"href":"https:\/\/www.mladibl.com\/index.php?rest_route=\/wp\/v2\/pages\/241","targetHints":{"allow":["GET"]}}],"collection":[{"href":"https:\/\/www.mladibl.com\/index.php?rest_route=\/wp\/v2\/pages"}],"about":[{"href":"https:\/\/www.mladibl.com\/index.php?rest_route=\/wp\/v2\/types\/page"}],"author":[{"embeddable":true,"href":"https:\/\/www.mladibl.com\/index.php?rest_route=\/wp\/v2\/users\/1"}],"replies":[{"embeddable":true,"href":"https:\/\/www.mladibl.com\/index.php?rest_route=%2Fwp%2Fv2%2Fcomments&post=241"}],"version-history":[{"count":2,"href":"https:\/\/www.mladibl.com\/index.php?rest_route=\/wp\/v2\/pages\/241\/revisions"}],"predecessor-version":[{"id":246,"href":"https:\/\/www.mladibl.com\/index.php?rest_route=\/wp\/v2\/pages\/241\/revisions\/246"}],"up":[{"embeddable":true,"href":"https:\/\/www.mladibl.com\/index.php?rest_route=\/wp\/v2\/pages\/8"}],"wp:attachment":[{"href":"https:\/\/www.mladibl.com\/index.php?rest_route=%2Fwp%2Fv2%2Fmedia&parent=241"}],"curies":[{"name":"wp","href":"https:\/\/api.w.org\/{rel}","templated":true}]}}