{"id":237,"date":"2019-11-12T22:22:27","date_gmt":"2019-11-12T20:22:27","guid":{"rendered":"http:\/\/www.mladibl.com\/?page_id=237"},"modified":"2019-11-12T22:22:29","modified_gmt":"2019-11-12T20:22:29","slug":"omladinske-organizacije","status":"publish","type":"page","link":"https:\/\/www.mladibl.com\/?page_id=237","title":{"rendered":"Omladinske organizacije"},"content":{"rendered":"\n<p>Omladinske organizacije<\/p>\n\n\n\n<ol class=\"wp-block-list\"><li>DEBATNI KLUB PRAVNOG FAKULTETA UNIVERZITETA U BANJOJ LUCI<\/li><li>UDRU\u017dENJE GRA\u0110ANA \u201eSVIJEST MLADIH\u201c BANJALUKA<\/li><li>UDRU\u017dENJE \u201eSEMPER-SERVIS ZA MEDIJSKU I PROFESIONALNU EDUKACIJU I RAZVOJ\u201c<\/li><li>MODNO UDRU\u017dENJE GRA\u0110ANA \u201eART FASHION MODEL AGENCY\u201c<\/li><li>CENTAR ZA RAZVOJ KARIJERE<\/li><li>ODRED IZVI\u0110A\u010cA \u201e22. APRIL\u201c BANJA LUKA<\/li><li>UDRU\u017dENJE GRA\u0110ANA \u201eSTUDENTSKA ORGANIZACIJA UNIVERZITETA U BANJOJ LUCI\u201c \u2013 \u201eSOBL\u201c<\/li><li>UDRU\u017dENJE GRA\u0110ANA \u201eHARFA\u201c BANJA LUKA<\/li><li>FERIJALNI SAVEZ REPUBLIKE SRPSKE<\/li><li>SRPSKO KULTURNO KOLO \u201eDESPOT STEFAN LAZAREVI\u0106\u201c BANJA LUKA<\/li><li>OMLADINSKA ORGANIZACIJA \u201eZAUVJEK MLAD\u201c BANJA LUKA<\/li><li>UDRU\u017dENJE GRA\u0110ANA \u201eSTUDENTSKA ORGANIZACIJA FAKULTETA FIZI\u010cKOG VASPITANJA I SPORTA BANJALUKA\u201c<\/li><li>AEGEE BANJA LUKA \u2013 EVROPSKI STUDENTSKI FORUM BL<\/li><li>UDRU\u017dENJE GRA\u0110ANA MRE\u017dA NOVIH IDEJA<\/li><li>KLUB STUDENATA FAKULTETA POLITI\u010cKIH NAUKA BANJA LUKA<\/li><li>UDRU\u017dENJE \u201eAGENCIJA ZA RAZVOJ I SARADNJU CEREBRA\u201c<\/li><li>UNIJA STUDENATA REPUBLIKE SRPSKE<\/li><li>UDRU\u017dENJE ZA ME\u0110UNARODNU RAZMJENU STUDENATA RADI STRU\u010cNE PRAKSE IAESTE BOSNE I HERCEGOVINE<\/li><li>STUDENTSKA ORGANIZACIJA FAKULTETA POLITI\u010cKIH NAUKA BANJA LUKA<\/li><li>UDRU\u017dENJE GRA\u0110ANA \u201eSLOBODA\u201c<\/li><li>STUDENTSKA ORGANIZACIJA MA\u0160INSKOG FAKULTETA U BANJOJ LUCI<\/li><\/ol>\n","protected":false},"excerpt":{"rendered":"<p>Omladinske organizacije DEBATNI KLUB PRAVNOG FAKULTETA UNIVERZITETA U BANJOJ LUCI UDRU\u017dENJE GRA\u0110ANA \u201eSVIJEST MLADIH\u201c BANJALUKA UDRU\u017dENJE \u201eSEMPER-SERVIS ZA MEDIJSKU I<\/p>\n","protected":false},"author":1,"featured_media":0,"parent":8,"menu_order":0,"comment_status":"closed","ping_status":"closed","template":"","meta":{"om_disable_all_campaigns":false,"_monsterinsights_skip_tracking":false,"_monsterinsights_sitenote_active":false,"_monsterinsights_sitenote_note":"","_monsterinsights_sitenote_category":0,"footnotes":""},"class_list":["post-237","page","type-page","status-publish","hentry"],"amp_enabled":true,"_links":{"self":[{"href":"https:\/\/www.mladibl.com\/index.php?rest_route=\/wp\/v2\/pages\/237","targetHints":{"allow":["GET"]}}],"collection":[{"href":"https:\/\/www.mladibl.com\/index.php?rest_route=\/wp\/v2\/pages"}],"about":[{"href":"https:\/\/www.mladibl.com\/index.php?rest_route=\/wp\/v2\/types\/page"}],"author":[{"embeddable":true,"href":"https:\/\/www.mladibl.com\/index.php?rest_route=\/wp\/v2\/users\/1"}],"replies":[{"embeddable":true,"href":"https:\/\/www.mladibl.com\/index.php?rest_route=%2Fwp%2Fv2%2Fcomments&post=237"}],"version-history":[{"count":1,"href":"https:\/\/www.mladibl.com\/index.php?rest_route=\/wp\/v2\/pages\/237\/revisions"}],"predecessor-version":[{"id":238,"href":"https:\/\/www.mladibl.com\/index.php?rest_route=\/wp\/v2\/pages\/237\/revisions\/238"}],"up":[{"embeddable":true,"href":"https:\/\/www.mladibl.com\/index.php?rest_route=\/wp\/v2\/pages\/8"}],"wp:attachment":[{"href":"https:\/\/www.mladibl.com\/index.php?rest_route=%2Fwp%2Fv2%2Fmedia&parent=237"}],"curies":[{"name":"wp","href":"https:\/\/api.w.org\/{rel}","templated":true}]}}