{"id":16,"date":"2019-09-30T23:05:06","date_gmt":"2019-09-30T21:05:06","guid":{"rendered":"http:\/\/www.mladibl.com\/?page_id=16"},"modified":"2020-02-24T14:47:41","modified_gmt":"2020-02-24T12:47:41","slug":"korisni-linkovi","status":"publish","type":"page","link":"https:\/\/www.mladibl.com\/?page_id=16","title":{"rendered":"Korisni linkovi"},"content":{"rendered":"\n<p>Pregled va\u017enijih organizacija i njihovih internet stranica.<\/p>\n\n\n\n<p>Napomena: Ova stranica se stalno dopunjuje novim organizacijama.<\/p>\n\n\n\n<p><strong>OMLADINSKE ORGANIZACIJE<\/strong><\/p>\n\n\n\n<ul class=\"wp-block-list\"><li>Agencija za razvoj i saradnju CEREBRA Banja Luka \/ <a href=\"http:\/\/www.cerebra-ngo.com\" target=\"_blank\" rel=\"noreferrer noopener\" aria-label=\"www.cerebra-ngo.com (opens in a new tab)\">www.cerebra-ngo.com<\/a><\/li><li>Centar za djecu, mlade i porodicu Lakta\u0161i \/&nbsp;<a rel=\"noreferrer noopener\" href=\"http:\/\/www.cdmpl.net\/\" target=\"_blank\">www.cdmpl.net<\/a><\/li><li>Savjet omladinskih organizacija Banja Luka \/&nbsp;<a rel=\"noreferrer noopener\" href=\"http:\/\/www.soobl.org\/\" target=\"_blank\">www.soobl.org<\/a><\/li><li>Centar za razvoj karijere Banja Luka \/&nbsp;<a rel=\"noreferrer noopener\" href=\"https:\/\/cerk.info\/\" target=\"_blank\">www.cerk.info<\/a><\/li><\/ul>\n\n\n\n<p><strong>ORGANIZACIJE ZA MLADE<\/strong><\/p>\n\n\n\n<ul class=\"wp-block-list\"><li>Institut za razvoj mladih i zajednice \u201cPerpetuum mobile\u201d Banja Luka \/&nbsp;<a rel=\"noreferrer noopener\" href=\"http:\/\/www.pm.rs.ba\/\" target=\"_blank\">www.pm.rs.ba<\/a><\/li><li>Zdravo da ste Banja Luka \/&nbsp;<a rel=\"noreferrer noopener\" href=\"https:\/\/www.zdravodaste.org\/latn\/\" target=\"_blank\">www.zdravodaste.org<\/a><\/li><li>Helsin\u0161ki parlament gra\u0111ana Banja Luka \/&nbsp;<a rel=\"noreferrer noopener\" href=\"http:\/\/www.hcabl.org\/\" target=\"_blank\">www.hcabl.org<\/a><\/li><li>Centar za \u017eivotnu sredinu Banja Luka \/&nbsp;<a rel=\"noreferrer noopener\" href=\"http:\/\/czzs.org\/\" target=\"_blank\">www.czzs.org<\/a><\/li><li>Nova generacija Banja Luka \/&nbsp;<a rel=\"noreferrer noopener\" href=\"http:\/\/www.novageneracija.org\/\" target=\"_blank\">www.novageneracija.org<\/a><\/li><\/ul>\n\n\n\n<p><strong>REPUBLI\u010cKE OMLADINSKE ORGANIZACIJE<\/strong><\/p>\n\n\n\n<ul class=\"wp-block-list\"><li>Savez izvi\u0111a\u010da Republike Srpske \/\u00a0<a rel=\"noreferrer noopener\" href=\"http:\/\/www.scoutrs.org\/\" target=\"_blank\">www.scoutrs.org<\/a><\/li><li>Volonterski servis Republike Srpske \/\u00a0<a rel=\"noreferrer noopener\" href=\"http:\/\/volonterskiservisrs.net\/\" target=\"_blank\">www.volonterskiservisrs.net<\/a><\/li><li>Omladinski centar AUCTUS Banja Luka \/\u00a0<a rel=\"noreferrer noopener\" href=\"https:\/\/www.facebook.com\/AuctusORG\/\" target=\"_blank\">www.facebook.com\/AuctusORG<\/a><\/li><li>Mre\u017ea Omladinskih Centara za Animaciju, Razvoj i Trening \/\u00a0<a href=\"http:\/\/www.mocartrs.org\/\" target=\"_blank\" rel=\"noreferrer noopener\" aria-label=\"M.O.C.A.R.T. Republike Srpske (opens in a new tab)\">M.O.C.A.R.T. Republike Srpske<\/a><\/li><li>Ferijalni savez Republike Srpske \/\u00a0<a rel=\"noreferrer noopener\" href=\"https:\/\/www.facebook.com\/Ferijalni-Savez-Republike-Srpske-436457136523570\/\" target=\"_blank\">www.facebook.com\/Ferijalni-Savez-Republike-Srpske-436457136523570\/<\/a><\/li><\/ul>\n\n\n\n<p><strong>STUDENTSKE ORGANIZACIJE<\/strong><\/p>\n\n\n\n<ul class=\"wp-block-list\"><li>Unija studenata Republike Srpske \/&nbsp;<a href=\"http:\/\/www.unijastudenatars.com\/\" target=\"_blank\" rel=\"noreferrer noopener\">www.unijastudenatars.com<\/a><\/li><li>Studentski parlament Univerziteta u Banjoj Luci \/&nbsp;<a href=\"http:\/\/www.studentskiparlamentbl.com\/\" target=\"_blank\" rel=\"noreferrer noopener\">www.stud<\/a><a href=\"http:\/\/www.studentskiparlamentbl.com\/\" target=\"_blank\" rel=\"noreferrer noopener\">entskiparlamentbl.com<\/a><\/li><li>Studentski parlament Univerziteta u Isto\u010dnom Sarajevu \/&nbsp;<a href=\"https:\/\/www.facebook.com\/SPUIS25\/\" target=\"_blank\" rel=\"noreferrer noopener\">www.facebook.com\/SPUIS25<\/a><\/li><li>Udru\u017eenje za me\u0111unarodnu razmjenu studenata radi stru\u010dne prakse IAESTE BiH \/&nbsp;<a href=\"http:\/\/www.iaeste.ba\/\" target=\"_blank\" rel=\"noreferrer noopener\">www.iaeste.ba<\/a><\/li><li>AIESEC Bosne i Hercegovine \/&nbsp;<a href=\"http:\/\/www.aiesec.ba\/\" target=\"_blank\" rel=\"noreferrer noopener\">www.aiesec.ba<\/a><\/li><li>AEGEE-Banja Luka \u2013 Evropski studentski forum \/&nbsp;<a href=\"http:\/\/www.aegee-banjaluka.com\/\" target=\"_blank\" rel=\"noreferrer noopener\">www.aegee-banjaluka.com<\/a><\/li><\/ul>\n\n\n\n<p><strong>INSTITUCIJE REPUBLIKE SRPSKE<\/strong><\/p>\n\n\n\n<ul class=\"wp-block-list\"><li>Vlada Republike Srpske \/&nbsp;<a href=\"http:\/\/www.vladars.net\/\" target=\"_blank\" rel=\"noreferrer noopener\">www.vladars.net<\/a><\/li><li>Predsjednik Republike Srpske \/&nbsp;<a href=\"http:\/\/www.predsjednikrs.net\/\" target=\"_blank\" rel=\"noreferrer noopener\">www.predsjednikrs.net<\/a><\/li><li>Narodna skup\u0161tina Republike Srpske \/&nbsp;<a href=\"http:\/\/www.narodnaskupstinars.net\/\" target=\"_blank\" rel=\"noreferrer noopener\">www.narodnaskupstinars.net<\/a><\/li><\/ul>\n\n\n\n<p><strong>KROVNA OMLADINSKA TIJELA<\/strong><\/p>\n\n\n\n<ul class=\"wp-block-list\"><li>Vije\u0107e mladih Federacije Bosne i Hercegovine \/&nbsp;<a href=\"http:\/\/www.vijecemladih.ba\/\" target=\"_blank\" rel=\"noreferrer noopener\">www.vijecemladih.ba<\/a><\/li><li>Krovna organizacija mladih Srbije \/&nbsp;<a href=\"http:\/\/www.koms.rs\/\" target=\"_blank\" rel=\"noreferrer noopener\">www.koms.rs<\/a><\/li><li>Crnogorski omladinski forum \/&nbsp;<a href=\"https:\/\/www.facebook.com\/cgomladinskiforum\/\" target=\"_blank\" rel=\"noreferrer noopener\">www.facebook.com\/cgomladinskiforum<\/a><\/li><li>Nacionalen mladinski sovet na Makedonija \/&nbsp;<a href=\"http:\/\/www.nms.org.mk\/mk\/\" target=\"_blank\" rel=\"noreferrer noopener\">www.nms.org.mk\/mk<\/a><\/li><li>Mre\u017ea mladih Hrvatske \/&nbsp;<a href=\"http:\/\/www.mmh.hr\/\" target=\"_blank\" rel=\"noreferrer noopener\">www.mmh.hr<\/a><\/li><li>Mladinski svet Slovenije \/&nbsp;<a href=\"http:\/\/www.mss.si\/\" target=\"_blank\" rel=\"noreferrer noopener\">www.mss.si<\/a><\/li><\/ul>\n\n\n\n<p><strong>EVROPSKE I ME\u0110UNARODNE ORGANIZACIJE<\/strong><\/p>\n\n\n\n<ul class=\"wp-block-list\"><li>European Youth Forum \/&nbsp;<a href=\"http:\/\/www.youthforum.org\/\" target=\"_blank\" rel=\"noreferrer noopener\">www.youthforum.org<\/a><\/li><li>Youth for Exchange and Understanding International \/&nbsp;<a href=\"http:\/\/www.yeu-international.org\/\" target=\"_blank\" rel=\"noreferrer noopener\">www.yeu-international.org<\/a><\/li><li>The European Youth Information and Counselling Agency (ERYICA) \/&nbsp;<a href=\"http:\/\/www.eryica.org\/\" target=\"_blank\" rel=\"noreferrer noopener\">www.eryica.org<\/a><\/li><li>Youth Partnership \/&nbsp;<a href=\"http:\/\/pjp-eu.coe.int\/en\/web\/youth-partnership\" target=\"_blank\" rel=\"noreferrer noopener\">pjp-eu.coe.int\/en\/web\/youth-partnership<\/a><\/li><li>Eurodesk \/&nbsp;<a href=\"https:\/\/eurodesk.eu\/\" target=\"_blank\" rel=\"noreferrer noopener\">www.eurodesk.eu<\/a><\/li><\/ul>\n\n\n\n<p><strong>INFO PORTALI I PLATFORME<\/strong><\/p>\n\n\n\n<ul class=\"wp-block-list\"><li>Info platforma HO\u0106U.ba \/&nbsp;<a href=\"http:\/\/www.hocu.ba\/\" target=\"_blank\" rel=\"noreferrer noopener\">www.hocu.ba<\/a><\/li><li>SALTO-YOUTH \/&nbsp;<a href=\"http:\/\/www.salto-youth.net\/\" target=\"_blank\" rel=\"noreferrer noopener\">www.salto-youth.net<\/a><\/li><\/ul>\n","protected":false},"excerpt":{"rendered":"<p>Pregled va\u017enijih organizacija i njihovih internet stranica. Napomena: Ova stranica se stalno dopunjuje novim organizacijama. OMLADINSKE ORGANIZACIJE Agencija za razvoj<\/p>\n","protected":false},"author":1,"featured_media":0,"parent":0,"menu_order":0,"comment_status":"closed","ping_status":"closed","template":"","meta":{"om_disable_all_campaigns":false,"_monsterinsights_skip_tracking":false,"_monsterinsights_sitenote_active":false,"_monsterinsights_sitenote_note":"","_monsterinsights_sitenote_category":0,"footnotes":""},"class_list":["post-16","page","type-page","status-publish","hentry"],"amp_enabled":true,"_links":{"self":[{"href":"https:\/\/www.mladibl.com\/index.php?rest_route=\/wp\/v2\/pages\/16","targetHints":{"allow":["GET"]}}],"collection":[{"href":"https:\/\/www.mladibl.com\/index.php?rest_route=\/wp\/v2\/pages"}],"about":[{"href":"https:\/\/www.mladibl.com\/index.php?rest_route=\/wp\/v2\/types\/page"}],"author":[{"embeddable":true,"href":"https:\/\/www.mladibl.com\/index.php?rest_route=\/wp\/v2\/users\/1"}],"replies":[{"embeddable":true,"href":"https:\/\/www.mladibl.com\/index.php?rest_route=%2Fwp%2Fv2%2Fcomments&post=16"}],"version-history":[{"count":4,"href":"https:\/\/www.mladibl.com\/index.php?rest_route=\/wp\/v2\/pages\/16\/revisions"}],"predecessor-version":[{"id":756,"href":"https:\/\/www.mladibl.com\/index.php?rest_route=\/wp\/v2\/pages\/16\/revisions\/756"}],"wp:attachment":[{"href":"https:\/\/www.mladibl.com\/index.php?rest_route=%2Fwp%2Fv2%2Fmedia&parent=16"}],"curies":[{"name":"wp","href":"https:\/\/api.w.org\/{rel}","templated":true}]}}