{"id":12,"date":"2019-09-30T23:04:12","date_gmt":"2019-09-30T21:04:12","guid":{"rendered":"http:\/\/www.mladibl.com\/?page_id=12"},"modified":"2019-11-13T00:16:51","modified_gmt":"2019-11-12T22:16:51","slug":"tijela-za-mlade","status":"publish","type":"page","link":"https:\/\/www.mladibl.com\/?page_id=12","title":{"rendered":"Tijela za mlade"},"content":{"rendered":"\n<p><strong>Tijela za mlade<\/strong>&nbsp;predstavljaju zvani\u010dna tijela koja formiraju lokalne ili republi\u010dke institucije, s toga tijela za mlade mogu biti na lokalnom i republi\u010dkom nivou.<\/p>\n\n\n\n<p>Neki primjeri tijela za mlade su:<\/p>\n\n\n\n<ul class=\"wp-block-list\"><li><strong>referent za mlade<\/strong>&nbsp;\u2013&nbsp;Ima funkciju identifikovanja problema i potreba mladih u lokalnoj zajednici uspostavljanja, sprovo\u0111enja i koordinacije omladinske politike komunikacije sa omladinskim organizacijama, neformalnim grupama i pojedincima saradnje sa drugim op\u0161tinskim slu\u017ebama i javnim ustanovama koje se bave pitanjima vezanim za mlade u\u010destvovanja u realizaciji projekata.<br>&nbsp;<\/li><li><strong>komisija za mlade<\/strong>&nbsp;\u2013&nbsp;Stalno radno tijelo skup\u0161tine u \u010dijem su sastavu odbornici i predstavnici nevladinih organizacija koji u\u010destvuju u pripremanju i dono\u0161enju skup\u0161tinskih akata koji doprinose rje\u0161avanju problema mladih.<br>&nbsp;<\/li><li><strong>savjetodavni odbor mladih gradona\u010delnika\/na\u010delnika op\u0161tine<\/strong>&nbsp;\u2013&nbsp;Savjetodavni odbor mladih (SOM) je zvani\u010dno tijelo koje formira na\u010delnik op\u0161tine ili gradona\u010delnik da bi redovno imao mogu\u0107nost dobijanja savjeta, pogleda, polo\u017eaja mladih. Dakle, to tijelo formira Op\u0161tina&nbsp;ili Grad i u slu\u017ebi je kao i bilo koji drugi savjetnik kojeg ima na\u010delnik ili gradona\u010delnik.<br>&nbsp;<\/li><li><strong>odbor za pitanja mladih<\/strong><br>Tijelo za mlade u ovom obliku formira Narodna skup\u0161tina Republike Srpske, i ono je zadu\u017eeno za razmatranje raznih zakonskih prijedloga, dokumenata, izvje\u0161taja i drugih akata vezanih za pitanje mladih.<br>Vi\u0161e o Odboru za pitanja djece, mladih i sporta pri Narodnoj skup\u0161tini Republike Srpske mo\u017eete pogledati na sljede\u0107oj stranici:&nbsp;<strong><a href=\"http:\/\/www.mladibl.com\/?page_id=166\">Odbor za pitanja djece, mladih i sporta<\/a><br>&nbsp;<\/strong><\/li><li><strong>savjet za mlade<\/strong>&nbsp;\u2013&nbsp;Na prijedlog resornog ministarstva Vlada Republike Srpske mo\u017ee osnovati Savjet za mlade, a radi davanja mi\u0161ljenja o stru\u010dnim pitanjima iz oblasti razvoja omladinske politike i njene primjene, u skladu sa zakonom.<br>Vi\u0161e o Savjetu za mlade Republike Srpske mo\u017ee pogledati na sljede\u0107oj stranici:&nbsp;<strong><a href=\"http:\/\/www.mladibl.com\/?page_id=169\">Savjet za mlade Republike Srpske<\/a><br>&nbsp;<\/strong><\/li><li><strong>druga radna tijela<\/strong>&nbsp;\u2013&nbsp;Ministarstva, druge republi\u010dke institucije i jedinice lokalne samouprave imaju mogu\u0107nost formiranja radnih grupa i tijela \u010dije oblast djelovanja mo\u017ee obuhvatiti mlade u Republici Srpskoj. Jedno od takvih radnih tijela jeste: Savjet za pra\u0107enje stanja i reformi sistema penzijskog i invalidskog osiguranja pri Ministarstvu rada i bora\u010dko-invalidske za\u0161tite<\/li><\/ul>\n","protected":false},"excerpt":{"rendered":"<p>Tijela za mlade&nbsp;predstavljaju zvani\u010dna tijela koja formiraju lokalne ili republi\u010dke institucije, s toga tijela za mlade mogu biti na lokalnom<\/p>\n","protected":false},"author":1,"featured_media":0,"parent":257,"menu_order":0,"comment_status":"closed","ping_status":"closed","template":"","meta":{"om_disable_all_campaigns":false,"_monsterinsights_skip_tracking":false,"_monsterinsights_sitenote_active":false,"_monsterinsights_sitenote_note":"","_monsterinsights_sitenote_category":0,"footnotes":""},"class_list":["post-12","page","type-page","status-publish","hentry"],"amp_enabled":true,"_links":{"self":[{"href":"https:\/\/www.mladibl.com\/index.php?rest_route=\/wp\/v2\/pages\/12","targetHints":{"allow":["GET"]}}],"collection":[{"href":"https:\/\/www.mladibl.com\/index.php?rest_route=\/wp\/v2\/pages"}],"about":[{"href":"https:\/\/www.mladibl.com\/index.php?rest_route=\/wp\/v2\/types\/page"}],"author":[{"embeddable":true,"href":"https:\/\/www.mladibl.com\/index.php?rest_route=\/wp\/v2\/users\/1"}],"replies":[{"embeddable":true,"href":"https:\/\/www.mladibl.com\/index.php?rest_route=%2Fwp%2Fv2%2Fcomments&post=12"}],"version-history":[{"count":5,"href":"https:\/\/www.mladibl.com\/index.php?rest_route=\/wp\/v2\/pages\/12\/revisions"}],"predecessor-version":[{"id":262,"href":"https:\/\/www.mladibl.com\/index.php?rest_route=\/wp\/v2\/pages\/12\/revisions\/262"}],"up":[{"embeddable":true,"href":"https:\/\/www.mladibl.com\/index.php?rest_route=\/wp\/v2\/pages\/257"}],"wp:attachment":[{"href":"https:\/\/www.mladibl.com\/index.php?rest_route=%2Fwp%2Fv2%2Fmedia&parent=12"}],"curies":[{"name":"wp","href":"https:\/\/api.w.org\/{rel}","templated":true}]}}