{"id":10,"date":"2019-09-30T23:03:30","date_gmt":"2019-09-30T21:03:30","guid":{"rendered":"http:\/\/www.mladibl.com\/?page_id=10"},"modified":"2019-11-01T11:23:25","modified_gmt":"2019-11-01T09:23:25","slug":"dom-omladine","status":"publish","type":"page","link":"https:\/\/www.mladibl.com\/?page_id=10","title":{"rendered":"Dom omladine"},"content":{"rendered":"\n<p>Dom omladine je gradski prostor koji koriste omladinske organizacije i udru\u017eenja.<\/p>\n\n\n\n<p>U Domu, povr\u0161ine od oko 1.300 m<sup>2<\/sup>&nbsp;provode se aktivnosti na tri hola od \u010dega hol 1 ima izra\u0111en galerijski zid pogodan za sve vrste izlo\u017ebi, hol 2 je prihvatljiv za razne oblike aktivnosti zbog svoje komunikacije sa svim dijelovima objekta kao i hol 3 koji u svojoj konfiguraciji ima i malu binu pogodnu za razne oblike individualnog izra\u017eavanja.<\/p>\n\n\n\n<p>Zatvorene prostorije sa\u010dinjavaju salu amfiteatra opremljenu sa 145 sjedi\u0161ta i binom veli\u010dine oko 30m<sup>2<\/sup>&nbsp;i bekstejd\u017e prostorom veli\u010dine od oko 80m<sup>2<\/sup>, internet salu i staklenac sa lako pokretljivim namje\u0161tajem koji se oblikuje po potrebi zadane aktivnosti, kapaciteta od oko 30 u\u010desnika.<\/p>\n\n\n\n<p>Ovakva multifunkcionalnost prostora Doma omladine, pogoduje za provo\u0111enje cijele lepeze aktivnosti kao \u0161to su: festivali, izlo\u017ebe, sajmovi, konferencije, javne tribine, projekcije filmova, pozori\u0161ne predstave, razne promocije, sportsko-rekreativne aktivnosti i sli\u010dno.\u201c<\/p>\n\n\n\n<p>Svi koji \u017eele da realizuju svoje redovne ili periodi\u010dne aktivnosti u Domu omladine, a imaju pravo na kori\u0161tenje prostora po osnovu registracije, trebaju samo da upute zahtjev Odjeljenju za obrazovanje, zdravstvo, omladinu i sport (samostalnom stru\u010dnom saradniku-upravniku Doma omladine) u pisanoj formi ili na obrascu koji je dostupan na ovom sajtu. Za registrovane omladinske organizacije, najava redovnih aktivnosti tokom narednog mjeseca mogu\u0107a je i elektronskim putem.<\/p>\n\n\n\n<p>Kontakt-upravnik<br>Kontakt: \u017deljko Obradovi\u0107, samostalni stru\u010dni saradnik \u2013 upravnik Doma omladine<br>Adresa: ul. \u0110ure Dani\u010di\u0107a broj 1, 78000 Banja Luka<br>Tel: 051\/215-315<br>E-mail: zeljko.obradovic@banjaluka.rs.ba<\/p>\n\n\n\n<p><a rel=\"noreferrer noopener\" aria-label=\"Obrazac za rezervaciju prostora (opens in a new tab)\" href=\"http:\/\/www.banjaluka.rs.ba\/wp-content\/uploads\/2017\/07\/obrazac_dom_omladine.doc\" target=\"_blank\">Obrazac za rezervaciju prostora u Domu omladine<\/a><\/p>\n\n\n\n<p><a rel=\"noreferrer noopener\" aria-label=\"Raspored prostorija u Domu omladine (opens in a new tab)\" href=\"http:\/\/www.banjaluka.rs.ba\/wp-content\/uploads\/2017\/07\/tlocrt.jpg\" target=\"_blank\">Raspored prostorija u Domu omladine<\/a><\/p>\n\n\n\n<p>Kalendar aktivnosti u Domu omladine<\/p>\n","protected":false},"excerpt":{"rendered":"<p>Dom omladine je gradski prostor koji koriste omladinske organizacije i udru\u017eenja. U Domu, povr\u0161ine od oko 1.300 m2&nbsp;provode se aktivnosti<\/p>\n","protected":false},"author":1,"featured_media":0,"parent":0,"menu_order":0,"comment_status":"closed","ping_status":"closed","template":"","meta":{"om_disable_all_campaigns":false,"_monsterinsights_skip_tracking":false,"_monsterinsights_sitenote_active":false,"_monsterinsights_sitenote_note":"","_monsterinsights_sitenote_category":0,"footnotes":""},"class_list":["post-10","page","type-page","status-publish","hentry"],"amp_enabled":true,"_links":{"self":[{"href":"https:\/\/www.mladibl.com\/index.php?rest_route=\/wp\/v2\/pages\/10","targetHints":{"allow":["GET"]}}],"collection":[{"href":"https:\/\/www.mladibl.com\/index.php?rest_route=\/wp\/v2\/pages"}],"about":[{"href":"https:\/\/www.mladibl.com\/index.php?rest_route=\/wp\/v2\/types\/page"}],"author":[{"embeddable":true,"href":"https:\/\/www.mladibl.com\/index.php?rest_route=\/wp\/v2\/users\/1"}],"replies":[{"embeddable":true,"href":"https:\/\/www.mladibl.com\/index.php?rest_route=%2Fwp%2Fv2%2Fcomments&post=10"}],"version-history":[{"count":2,"href":"https:\/\/www.mladibl.com\/index.php?rest_route=\/wp\/v2\/pages\/10\/revisions"}],"predecessor-version":[{"id":160,"href":"https:\/\/www.mladibl.com\/index.php?rest_route=\/wp\/v2\/pages\/10\/revisions\/160"}],"wp:attachment":[{"href":"https:\/\/www.mladibl.com\/index.php?rest_route=%2Fwp%2Fv2%2Fmedia&parent=10"}],"curies":[{"name":"wp","href":"https:\/\/api.w.org\/{rel}","templated":true}]}}